{"id":25,"date":"2023-04-28T14:03:24","date_gmt":"2023-04-28T14:03:24","guid":{"rendered":"http:\/\/escolabressolpeuets.cat\/?page_id=25"},"modified":"2023-04-28T14:28:24","modified_gmt":"2023-04-28T14:28:24","slug":"about","status":"publish","type":"page","link":"https:\/\/escolabressolpeuets.cat\/?page_id=25","title":{"rendered":"About"},"content":{"rendered":"\n\n\n<h6>About Us<\/h6>\n\n\n\n\n\n\n\n<p>Hi Guys!<\/p>\n<p><span style=\"color: rgb(5, 5, 5); font-family: &quot;Segoe UI Historic&quot;, &quot;Segoe UI&quot;, Helvetica, Arial, sans-serif; font-size: 15px; white-space: pre-wrap;\">La nostra escola est\u00e0 arrelada al poble des de l&#8217;any 2009. Treballem amb una l\u00ednia pedag\u00f2gica activa i participativa, deixant a l&#8217;infant desenvolupar-se amb les seves pr\u00f2pies viv\u00e8ncies i experi\u00e8ncies.\n\nPeuets t\u00e9 una superf\u00edcie de 420 m2 i 400 m2 de pati amb arbres i hort.\n\nUns dels nostres objectius \u00e9s que les fam\u00edlies puguin conciliar la vida familiar amb la vida professional oferint els seg\u00fcents serveis:\n\n&#8211; Estreta col.laboraci\u00f3 amb Crian\u00e7a (centre de psicologia infantil) per treballar quelcom relacionat amb l&#8217;infant.\n\n&#8211; Participaci\u00f3 activa amb les fam\u00edlies en activitats, festes, sortides, etc.\n\n&#8211; Si la teva opci\u00f3 en l&#8217;alimentaci\u00f3 del teu nad\u00f3 \u00e9s la llet materna, Peuets tamb\u00e9 t&#8217;ajuda en aquesta decisi\u00f3. Pots portar la llet i nosaltres li donarem (classe dels lactants de 4 mesos a 1 any)\n\n &#8211; NO TANQUEM A L&#8217;AGOST\n \n&#8211; MATR\u00cdCULA OBERTA TOT L&#8217;ANY\n\n&#8211; L&#8217;escola est\u00e0 oberta de 7:30h a 18:00h\n\n&#8211; Servei educatiu de 9:00h a 12:00h i de 15:00h a 17:30h\n\n&#8211; Servei d&#8217;acolliment de 7:30h a 9:00h  i de 17:30h a 18:00h\n\n&#8211; Servei de menjador\n\n&#8211; Servei de perruqueria\n\n&#8211; Servei de psicologia i logop\u00e8dia\n\n&#8211; Casal pels germans i amics (Nadal, Setmana Santa i Estiu)<\/span><br><\/p>\n\n\n\n\n","protected":false},"excerpt":{"rendered":"","protected":false},"author":0,"featured_media":0,"parent":0,"menu_order":0,"comment_status":"closed","ping_status":"closed","template":"","meta":{"footnotes":""},"class_list":["post-25","page","type-page","status-publish","hentry"],"_links":{"self":[{"href":"https:\/\/escolabressolpeuets.cat\/index.php?rest_route=\/wp\/v2\/pages\/25","targetHints":{"allow":["GET"]}}],"collection":[{"href":"https:\/\/escolabressolpeuets.cat\/index.php?rest_route=\/wp\/v2\/pages"}],"about":[{"href":"https:\/\/escolabressolpeuets.cat\/index.php?rest_route=\/wp\/v2\/types\/page"}],"replies":[{"embeddable":true,"href":"https:\/\/escolabressolpeuets.cat\/index.php?rest_route=%2Fwp%2Fv2%2Fcomments&post=25"}],"version-history":[{"count":1,"href":"https:\/\/escolabressolpeuets.cat\/index.php?rest_route=\/wp\/v2\/pages\/25\/revisions"}],"predecessor-version":[{"id":36,"href":"https:\/\/escolabressolpeuets.cat\/index.php?rest_route=\/wp\/v2\/pages\/25\/revisions\/36"}],"wp:attachment":[{"href":"https:\/\/escolabressolpeuets.cat\/index.php?rest_route=%2Fwp%2Fv2%2Fmedia&parent=25"}],"curies":[{"name":"wp","href":"https:\/\/api.w.org\/{rel}","templated":true}]}}